{"id":5340,"date":"2022-08-23T10:04:01","date_gmt":"2022-08-23T10:04:01","guid":{"rendered":"https:\/\/visit.virunga.org\/?page_id=5340"},"modified":"2024-11-12T13:24:44","modified_gmt":"2024-11-12T13:24:44","slug":"faqs","status":"publish","type":"page","link":"https:\/\/visit.virunga.org\/fr\/faqs\/","title":{"rendered":"Questions Fr\u00e9quentes"},"content":{"rendered":"","protected":false},"excerpt":{"rendered":"","protected":false},"author":1,"featured_media":6130,"parent":0,"menu_order":0,"comment_status":"closed","ping_status":"closed","template":"","meta":{"_acf_changed":false,"inline_featured_image":false,"footnotes":""},"class_list":["post-5340","page","type-page","status-publish","has-post-thumbnail","hentry"],"acf":[],"yoast_head":"<!-- This site is optimized with the Yoast SEO plugin v27.2 - https:\/\/yoast.com\/product\/yoast-seo-wordpress\/ -->\n<title>Questions Fr\u00e9quentes - Visit Virunga<\/title>\n<meta name=\"description\" content=\"Trouvez les r\u00e9ponses aux questions fr\u00e9quentes concernant les voyages au Parc National des Virunga\" \/>\n<meta name=\"robots\" content=\"index, follow, max-snippet:-1, max-image-preview:large, max-video-preview:-1\" \/>\n<link rel=\"canonical\" href=\"https:\/\/visit.virunga.org\/fr\/faqs\/\" \/>\n<meta property=\"og:locale\" content=\"fr_FR\" \/>\n<meta property=\"og:type\" content=\"article\" \/>\n<meta property=\"og:title\" content=\"Questions Fr\u00e9quentes - Visit Virunga\" \/>\n<meta property=\"og:description\" content=\"Trouvez les r\u00e9ponses aux questions fr\u00e9quentes concernant les voyages au Parc National des Virunga\" \/>\n<meta property=\"og:url\" content=\"https:\/\/visit.virunga.org\/fr\/faqs\/\" \/>\n<meta property=\"og:site_name\" content=\"Visit Virunga\" \/>\n<meta property=\"article:modified_time\" content=\"2024-11-12T13:24:44+00:00\" \/>\n<meta property=\"og:image\" content=\"https:\/\/visit.virunga.org\/wp-content\/uploads\/2022\/01\/Capture-decran-2021-11-12-a-10.22.17.png\" \/>\n\t<meta property=\"og:image:width\" content=\"868\" \/>\n\t<meta property=\"og:image:height\" content=\"574\" \/>\n\t<meta property=\"og:image:type\" content=\"image\/png\" \/>\n<meta name=\"twitter:card\" content=\"summary_large_image\" \/>\n<meta name=\"twitter:label1\" content=\"Dur\u00e9e de lecture estim\u00e9e\" \/>\n\t<meta name=\"twitter:data1\" content=\"1 minute\" \/>\n<script type=\"application\/ld+json\" class=\"yoast-schema-graph\">{\"@context\":\"https:\/\/schema.org\",\"@graph\":[{\"@type\":\"WebPage\",\"@id\":\"https:\/\/visit.virunga.org\/fr\/faqs\/\",\"url\":\"https:\/\/visit.virunga.org\/fr\/faqs\/\",\"name\":\"Questions Fr\u00e9quentes - Visit Virunga\",\"isPartOf\":{\"@id\":\"https:\/\/visit.virunga.org\/#website\"},\"primaryImageOfPage\":{\"@id\":\"https:\/\/visit.virunga.org\/fr\/faqs\/#primaryimage\"},\"image\":{\"@id\":\"https:\/\/visit.virunga.org\/fr\/faqs\/#primaryimage\"},\"thumbnailUrl\":\"https:\/\/visit.virunga.org\/wp-content\/uploads\/2022\/01\/Capture-decran-2021-11-12-a-10.22.17.png\",\"datePublished\":\"2022-08-23T10:04:01+00:00\",\"dateModified\":\"2024-11-12T13:24:44+00:00\",\"description\":\"Trouvez les r\u00e9ponses aux questions fr\u00e9quentes concernant les voyages au Parc National des Virunga\",\"breadcrumb\":{\"@id\":\"https:\/\/visit.virunga.org\/fr\/faqs\/#breadcrumb\"},\"inLanguage\":\"fr-FR\",\"potentialAction\":[{\"@type\":\"ReadAction\",\"target\":[\"https:\/\/visit.virunga.org\/fr\/faqs\/\"]}]},{\"@type\":\"ImageObject\",\"inLanguage\":\"fr-FR\",\"@id\":\"https:\/\/visit.virunga.org\/fr\/faqs\/#primaryimage\",\"url\":\"https:\/\/visit.virunga.org\/wp-content\/uploads\/2022\/01\/Capture-decran-2021-11-12-a-10.22.17.png\",\"contentUrl\":\"https:\/\/visit.virunga.org\/wp-content\/uploads\/2022\/01\/Capture-decran-2021-11-12-a-10.22.17.png\",\"width\":868,\"height\":574},{\"@type\":\"BreadcrumbList\",\"@id\":\"https:\/\/visit.virunga.org\/fr\/faqs\/#breadcrumb\",\"itemListElement\":[{\"@type\":\"ListItem\",\"position\":1,\"name\":\"Home\",\"item\":\"https:\/\/visit.virunga.org\/fr\/\"},{\"@type\":\"ListItem\",\"position\":2,\"name\":\"Questions Fr\u00e9quentes\"}]},{\"@type\":\"WebSite\",\"@id\":\"https:\/\/visit.virunga.org\/#website\",\"url\":\"https:\/\/visit.virunga.org\/\",\"name\":\"Visit Virunga\",\"description\":\"\",\"potentialAction\":[{\"@type\":\"SearchAction\",\"target\":{\"@type\":\"EntryPoint\",\"urlTemplate\":\"https:\/\/visit.virunga.org\/?s={search_term_string}\"},\"query-input\":{\"@type\":\"PropertyValueSpecification\",\"valueRequired\":true,\"valueName\":\"search_term_string\"}}],\"inLanguage\":\"fr-FR\"}]}<\/script>\n<!-- \/ Yoast SEO plugin. -->","yoast_head_json":{"title":"Questions Fr\u00e9quentes - Visit Virunga","description":"Trouvez les r\u00e9ponses aux questions fr\u00e9quentes concernant les voyages au Parc National des Virunga","robots":{"index":"index","follow":"follow","max-snippet":"max-snippet:-1","max-image-preview":"max-image-preview:large","max-video-preview":"max-video-preview:-1"},"canonical":"https:\/\/visit.virunga.org\/fr\/faqs\/","og_locale":"fr_FR","og_type":"article","og_title":"Questions Fr\u00e9quentes - Visit Virunga","og_description":"Trouvez les r\u00e9ponses aux questions fr\u00e9quentes concernant les voyages au Parc National des Virunga","og_url":"https:\/\/visit.virunga.org\/fr\/faqs\/","og_site_name":"Visit Virunga","article_modified_time":"2024-11-12T13:24:44+00:00","og_image":[{"width":868,"height":574,"url":"https:\/\/visit.virunga.org\/wp-content\/uploads\/2022\/01\/Capture-decran-2021-11-12-a-10.22.17.png","type":"image\/png"}],"twitter_card":"summary_large_image","twitter_misc":{"Dur\u00e9e de lecture estim\u00e9e":"1 minute"},"schema":{"@context":"https:\/\/schema.org","@graph":[{"@type":"WebPage","@id":"https:\/\/visit.virunga.org\/fr\/faqs\/","url":"https:\/\/visit.virunga.org\/fr\/faqs\/","name":"Questions Fr\u00e9quentes - Visit Virunga","isPartOf":{"@id":"https:\/\/visit.virunga.org\/#website"},"primaryImageOfPage":{"@id":"https:\/\/visit.virunga.org\/fr\/faqs\/#primaryimage"},"image":{"@id":"https:\/\/visit.virunga.org\/fr\/faqs\/#primaryimage"},"thumbnailUrl":"https:\/\/visit.virunga.org\/wp-content\/uploads\/2022\/01\/Capture-decran-2021-11-12-a-10.22.17.png","datePublished":"2022-08-23T10:04:01+00:00","dateModified":"2024-11-12T13:24:44+00:00","description":"Trouvez les r\u00e9ponses aux questions fr\u00e9quentes concernant les voyages au Parc National des Virunga","breadcrumb":{"@id":"https:\/\/visit.virunga.org\/fr\/faqs\/#breadcrumb"},"inLanguage":"fr-FR","potentialAction":[{"@type":"ReadAction","target":["https:\/\/visit.virunga.org\/fr\/faqs\/"]}]},{"@type":"ImageObject","inLanguage":"fr-FR","@id":"https:\/\/visit.virunga.org\/fr\/faqs\/#primaryimage","url":"https:\/\/visit.virunga.org\/wp-content\/uploads\/2022\/01\/Capture-decran-2021-11-12-a-10.22.17.png","contentUrl":"https:\/\/visit.virunga.org\/wp-content\/uploads\/2022\/01\/Capture-decran-2021-11-12-a-10.22.17.png","width":868,"height":574},{"@type":"BreadcrumbList","@id":"https:\/\/visit.virunga.org\/fr\/faqs\/#breadcrumb","itemListElement":[{"@type":"ListItem","position":1,"name":"Home","item":"https:\/\/visit.virunga.org\/fr\/"},{"@type":"ListItem","position":2,"name":"Questions Fr\u00e9quentes"}]},{"@type":"WebSite","@id":"https:\/\/visit.virunga.org\/#website","url":"https:\/\/visit.virunga.org\/","name":"Visit Virunga","description":"","potentialAction":[{"@type":"SearchAction","target":{"@type":"EntryPoint","urlTemplate":"https:\/\/visit.virunga.org\/?s={search_term_string}"},"query-input":{"@type":"PropertyValueSpecification","valueRequired":true,"valueName":"search_term_string"}}],"inLanguage":"fr-FR"}]}},"_links":{"self":[{"href":"https:\/\/visit.virunga.org\/fr\/wp-json\/wp\/v2\/pages\/5340","targetHints":{"allow":["GET"]}}],"collection":[{"href":"https:\/\/visit.virunga.org\/fr\/wp-json\/wp\/v2\/pages"}],"about":[{"href":"https:\/\/visit.virunga.org\/fr\/wp-json\/wp\/v2\/types\/page"}],"author":[{"embeddable":true,"href":"https:\/\/visit.virunga.org\/fr\/wp-json\/wp\/v2\/users\/1"}],"replies":[{"embeddable":true,"href":"https:\/\/visit.virunga.org\/fr\/wp-json\/wp\/v2\/comments?post=5340"}],"version-history":[{"count":0,"href":"https:\/\/visit.virunga.org\/fr\/wp-json\/wp\/v2\/pages\/5340\/revisions"}],"wp:featuredmedia":[{"embeddable":true,"href":"https:\/\/visit.virunga.org\/fr\/wp-json\/wp\/v2\/media\/6130"}],"wp:attachment":[{"href":"https:\/\/visit.virunga.org\/fr\/wp-json\/wp\/v2\/media?parent=5340"}],"curies":[{"name":"wp","href":"https:\/\/api.w.org\/{rel}","templated":true}]}}